{"id":10468,"date":"2025-08-08T08:44:54","date_gmt":"2025-08-08T08:44:54","guid":{"rendered":"https:\/\/noblegate.ch\/staging\/8193\/?page_id=10468"},"modified":"2026-02-02T22:28:07","modified_gmt":"2026-02-02T22:28:07","slug":"luxury-hotel-booking","status":"publish","type":"page","link":"https:\/\/noblegate.ch\/staging\/8193\/de\/luxury-hotel-booking\/","title":{"rendered":"Luxury Hotel Booking"},"content":{"rendered":"<div id=\"fws_69ea43252a9f7\"  data-column-margin=\"default\" data-midnight=\"light\" data-top-percent=\"12%\" data-bottom-percent=\"12%\"  class=\"wpb_row vc_row-fluid vc_row full-width-content vc_row-o-equal-height vc_row-flex vc_row-o-content-top parallax_section right_padding_10pct left_padding_10pct top_padding_tablet_25pct\"  style=\"padding-top: calc(100vw * 0.12); padding-bottom: calc(100vw * 0.12); \"><div class=\"row-bg-wrap\" data-bg-animation=\"zoom-out-slow\" data-bg-animation-delay=\"\" data-bg-overlay=\"true\"><div class=\"inner-wrap row-bg-layer using-image\" ><div class=\"row-bg viewport-desktop using-image using-bg-color\" data-parallax-speed=\"fast\" style=\"background-image: url(https:\/\/noblegate.ch\/staging\/8193\/wp-content\/uploads\/2025\/10\/doldergrand.jpg); background-position: center center; background-repeat: no-repeat; background-color: #566678; \"><\/div><\/div><div class=\"row-bg-overlay row-bg-layer\" style=\"background: rgba(10,10,10,0.4); background: linear-gradient(to bottom,rgba(10,10,10,0.4) 0%,#0a0a0a 100%);  opacity: 0.95; \"><\/div><\/div><div class=\"row_col_wrap_12 col span_12 light left\">\n\t<div  class=\"vc_col-sm-12 wpb_column column_container vc_column_container col centered-text no-extra-padding el_spacing_0px inherit_tablet inherit_phone\"  data-padding-pos=\"all\" data-has-bg-color=\"false\" data-bg-color=\"\" data-bg-opacity=\"1\" data-animation=\"\" data-delay=\"0\" >\n\t\t<div class=\"vc_column-inner\" >\n\t\t\t<div class=\"wpb_wrapper\">\n\t\t\t\t<div id=\"fws_69ea43252af25\" data-midnight=\"\" data-column-margin=\"none\" class=\"wpb_row vc_row-fluid vc_row inner_row\"  style=\" z-index: 100;\"><div class=\"row-bg-wrap\"> <div class=\"row-bg\" ><\/div> <\/div><div class=\"row_col_wrap_12_inner col span_12  left\">\n\t<div  class=\"vc_col-sm-12 wpb_column column_container vc_column_container col child_column no-extra-padding inherit_tablet inherit_phone\"   data-padding-pos=\"all\" data-has-bg-color=\"false\" data-bg-color=\"\" data-bg-opacity=\"1\" data-animation=\"\" data-delay=\"0\" >\n\t\t<div class=\"vc_column-inner\" >\n\t\t<div class=\"wpb_wrapper\">\n\t\t\t<div class=\"col span_12 section-title text-align-center extra-padding\"><h2><span style=\"font-size: 45px\">Premium-Hotelbuchungen<\/span><\/h2><\/div><div class=\"clear\"><\/div>\n\t\t<\/div> \n\t<\/div>\n\t<\/div> \n<\/div><\/div><div id=\"fws_69ea43252b3e0\" data-midnight=\"\" data-column-margin=\"default\" class=\"wpb_row vc_row-fluid vc_row inner_row  right_padding_15pct left_padding_15pct right_padding_phone_2pct left_padding_phone_2pct\"  style=\"padding-top: 1%; padding-bottom: 1%; \"><div class=\"row-bg-wrap\"> <div class=\"row-bg\" ><\/div> <\/div><div class=\"row_col_wrap_12_inner col span_12  left\">\n\t<div  class=\"vc_col-sm-12 wpb_column column_container vc_column_container col child_column has-animation no-extra-padding inherit_tablet inherit_phone\"   data-padding-pos=\"all\" data-has-bg-color=\"false\" data-bg-color=\"\" data-bg-opacity=\"1\" data-animation=\"fade-in-from-bottom\" data-delay=\"300\" >\n\t\t<div class=\"vc_column-inner\" >\n\t\t<div class=\"wpb_wrapper\">\n\t\t\t<div class=\"divider-wrap height_tablet_25px\" data-alignment=\"default\"><div style=\"padding-top: 25px; padding-bottom: 25px;\"  class=\"divider-vertical nectar-bg-white\"><\/div><\/div>\n<div class=\"wpb_text_column wpb_content_element\" >\n\t<div class=\"wpb_wrapper\">\n\t\t<p><strong>Indulge in Exclusive Hotel Stays with Noble Gate \u2014 Curated for VIP&#8217;s, Families and business travels<\/strong><\/p>\n<p>Bei Noble Gate gehen wir \u00fcber reinen Transport hinaus und bieten ma\u00dfgeschneiderte Hotelbuchungen, die Komfort, Eleganz und pers\u00f6nliche Betreuung vereinen. Ob f\u00fcr einen romantischen Kurzurlaub, eine Familienreise oder einen Gesch\u00e4ftstrip \u2014 jeder Aufenthalt wird sorgf\u00e4ltig ausgew\u00e4hlt, um Ihren h\u00f6chsten Anspr\u00fcchen gerecht zu werden.<\/p>\n<p>Wir arbeiten mit den weltweit renommiertesten Hotels und Resorts zusammen, damit Sie erstklassige Zimmer, atemberaubende Ausblicke und herausragende Annehmlichkeiten genie\u00dfen k\u00f6nnen. Von privaten Check-ins bis hin zu besonderen Arrangements im Zimmer \u2014 jedes Detail wird sorgf\u00e4ltig geplant, um Ihren Komfort und Ihre Privatsph\u00e4re zu gew\u00e4hrleisten.<\/p>\n<p>F\u00fcr noch mehr Komfort \u00fcbernimmt unser Team jeden Aspekt Ihrer Buchung \u2014 von der Sicherung der besten Suiten bis hin zu fr\u00fchen Check-ins, sp\u00e4ten Check-outs und individuellen Sonderw\u00fcnschen. Dank unserer Insider-Kontakte und umfassenden Kenntnisse der globalen Hotellerie garantieren wir Ihnen ein nahtloses Erlebnis von der Ankunft bis zur Abreise.<\/p>\n<p>W\u00e4hlen Sie aus unserer sorgf\u00e4ltig zusammengestellten Auswahl an 5-Sterne-Hotels, Boutique-Retreats und exklusiven Resorts \u2014 jedes bietet unvergleichlichen Stil, erstklassigen Service und h\u00f6chste Eleganz.<\/p>\n\t<\/div>\n<\/div>\n\n\n\n\n\t\t<\/div> \n\t<\/div>\n\t<\/div> \n<\/div><\/div><a class=\"nectar-button medium regular accent-color  regular-button\"  role=\"button\" style=\"\"  href=\"https:\/\/noblegate.ch\/staging\/8193\/de\/\" data-color-override=\"false\" data-hover-color-override=\"false\" data-hover-text-color-override=\"#fff\"><span>Jetzt Buchen<\/span><\/a>\n\t\t\t<\/div> \n\t\t<\/div>\n\t<\/div> \n<\/div><\/div>","protected":false},"excerpt":{"rendered":"Luxury Hotel Bookings Indulge in Exclusive Hotel Stays with Noble Gate \u2014 Curated for VIP's, Families and business travels At Noble Gate, we take luxury travel beyond transportation \u2014 offering...","protected":false},"author":5,"featured_media":0,"parent":0,"menu_order":0,"comment_status":"closed","ping_status":"closed","template":"","meta":{"nf_dc_page":"","footnotes":""},"class_list":["post-10468","page","type-page","status-publish"],"_links":{"self":[{"href":"https:\/\/noblegate.ch\/staging\/8193\/de\/wp-json\/wp\/v2\/pages\/10468","targetHints":{"allow":["GET"]}}],"collection":[{"href":"https:\/\/noblegate.ch\/staging\/8193\/de\/wp-json\/wp\/v2\/pages"}],"about":[{"href":"https:\/\/noblegate.ch\/staging\/8193\/de\/wp-json\/wp\/v2\/types\/page"}],"author":[{"embeddable":true,"href":"https:\/\/noblegate.ch\/staging\/8193\/de\/wp-json\/wp\/v2\/users\/5"}],"replies":[{"embeddable":true,"href":"https:\/\/noblegate.ch\/staging\/8193\/de\/wp-json\/wp\/v2\/comments?post=10468"}],"version-history":[{"count":5,"href":"https:\/\/noblegate.ch\/staging\/8193\/de\/wp-json\/wp\/v2\/pages\/10468\/revisions"}],"predecessor-version":[{"id":10893,"href":"https:\/\/noblegate.ch\/staging\/8193\/de\/wp-json\/wp\/v2\/pages\/10468\/revisions\/10893"}],"wp:attachment":[{"href":"https:\/\/noblegate.ch\/staging\/8193\/de\/wp-json\/wp\/v2\/media?parent=10468"}],"curies":[{"name":"wp","href":"https:\/\/api.w.org\/{rel}","templated":true}]}}