{"id":10472,"date":"2025-08-08T08:51:28","date_gmt":"2025-08-08T08:51:28","guid":{"rendered":"https:\/\/noblegate.ch\/staging\/8193\/?page_id=10472"},"modified":"2025-11-30T20:56:42","modified_gmt":"2025-11-30T20:56:42","slug":"flight-private-jet-booking","status":"publish","type":"page","link":"https:\/\/noblegate.ch\/staging\/8193\/de\/flight-private-jet-booking\/","title":{"rendered":"Reservierungen f\u00fcr Fl\u00fcge und Privatjets"},"content":{"rendered":"<div id=\"fws_69ea42e269cc7\"  data-column-margin=\"default\" data-midnight=\"light\" data-top-percent=\"12%\" data-bottom-percent=\"12%\"  class=\"wpb_row vc_row-fluid vc_row full-width-content vc_row-o-equal-height vc_row-flex vc_row-o-content-top parallax_section right_padding_10pct left_padding_10pct top_padding_tablet_25pct\"  style=\"padding-top: calc(100vw * 0.12); padding-bottom: calc(100vw * 0.12); \"><div class=\"row-bg-wrap\" data-bg-animation=\"zoom-out-slow\" data-bg-animation-delay=\"\" data-bg-overlay=\"true\"><div class=\"inner-wrap row-bg-layer using-image\" ><div class=\"row-bg viewport-desktop using-image using-bg-color\" data-parallax-speed=\"fast\" style=\"background-image: url(https:\/\/noblegate.ch\/staging\/8193\/wp-content\/uploads\/2025\/07\/Flight-Booking.jpg); background-position: center center; background-repeat: no-repeat; background-color: #566678; \"><\/div><\/div><div class=\"row-bg-overlay row-bg-layer\" style=\"background: rgba(10,10,10,0.4); background: linear-gradient(to bottom,rgba(10,10,10,0.4) 0%,#0a0a0a 100%);  opacity: 0.95; \"><\/div><\/div><div class=\"row_col_wrap_12 col span_12 light left\">\n\t<div  class=\"vc_col-sm-12 wpb_column column_container vc_column_container col centered-text no-extra-padding el_spacing_0px inherit_tablet inherit_phone\"  data-padding-pos=\"all\" data-has-bg-color=\"false\" data-bg-color=\"\" data-bg-opacity=\"1\" data-animation=\"\" data-delay=\"0\" >\n\t\t<div class=\"vc_column-inner\" >\n\t\t\t<div class=\"wpb_wrapper\">\n\t\t\t\t<div id=\"fws_69ea42e26a180\" data-midnight=\"\" data-column-margin=\"none\" class=\"wpb_row vc_row-fluid vc_row inner_row\"  style=\" z-index: 100;\"><div class=\"row-bg-wrap\"> <div class=\"row-bg\" ><\/div> <\/div><div class=\"row_col_wrap_12_inner col span_12  left\">\n\t<div  class=\"vc_col-sm-12 wpb_column column_container vc_column_container col child_column no-extra-padding inherit_tablet inherit_phone\"   data-padding-pos=\"all\" data-has-bg-color=\"false\" data-bg-color=\"\" data-bg-opacity=\"1\" data-animation=\"\" data-delay=\"0\" >\n\t\t<div class=\"vc_column-inner\" >\n\t\t<div class=\"wpb_wrapper\">\n\t\t\t<div class=\"col span_12 section-title text-align-center extra-padding\"><h2><span style=\"font-size: 35px\">Reservierungen f\u00fcr Fl\u00fcge und Privatjets<\/span><\/h2><\/div><div class=\"clear\"><\/div>\n\t\t<\/div> \n\t<\/div>\n\t<\/div> \n<\/div><\/div><div id=\"fws_69ea42e26a5dc\" data-midnight=\"\" data-column-margin=\"default\" class=\"wpb_row vc_row-fluid vc_row inner_row  right_padding_2pct left_padding_2pct\"  style=\"padding-top: 1%; padding-bottom: 1%; \"><div class=\"row-bg-wrap\"> <div class=\"row-bg\" ><\/div> <\/div><div class=\"row_col_wrap_12_inner col span_12  left\">\n\t<div  class=\"vc_col-sm-12 wpb_column column_container vc_column_container col child_column has-animation no-extra-padding inherit_tablet inherit_phone\"   data-padding-pos=\"all\" data-has-bg-color=\"false\" data-bg-color=\"\" data-bg-opacity=\"1\" data-animation=\"fade-in-from-bottom\" data-delay=\"300\" >\n\t\t<div class=\"vc_column-inner\" >\n\t\t<div class=\"wpb_wrapper\">\n\t\t\t<div class=\"divider-wrap height_tablet_25px\" data-alignment=\"default\"><div style=\"padding-top: 25px; padding-bottom: 25px;\"  class=\"divider-vertical nectar-bg-white\"><\/div><\/div>\n<div class=\"wpb_text_column wpb_content_element\" >\n\t<div class=\"wpb_wrapper\">\n\t\t<p><strong>Fliegen Sie in unvergleichlichem Komfort mit Noble Gate \u2013 Premium-Fl\u00fcge &amp; Privatjet-Buchung<\/strong><\/p>\n<p>Bei Noble Gate verwandeln wir Flugreisen in ein Erlebnis purer Eleganz. Ob First-Class-Linienflug oder Privatjet-Charter \u2013 wir planen jede Reise mit h\u00f6chster Pr\u00e4zision, Diskretion und Ihrem maximalen Komfort im Fokus.<\/p>\n<p>\u00dcber unser exklusives Netzwerk globaler Luftfahrtpartner sichern wir Ihnen bevorzugten Zugang zu f\u00fchrenden Fluggesellschaften, VIP-Lounges und den luxuri\u00f6sesten Privatjets der Welt \u2013 damit Sie ganz nach Ihren eigenen Vorstellungen reisen, mit absoluter Privatsph\u00e4re und maximaler Flexibilit\u00e4t.<\/p>\n<p>Von individuell geplanten Reiserouten \u00fcber Inflight-Catering bis hin zu Bodentransfers und beschleunigten Flughafenformalit\u00e4ten \u2013 jedes Detail wird nahtlos f\u00fcr Sie organisiert. F\u00fcr Familien und alleinreisende Frauen bieten wir besondere Betreuung, um w\u00e4hrend der gesamten Reise maximale Sicherheit, Komfort und ein rundum gutes Gef\u00fchl zu gew\u00e4hrleisten.<\/p>\n<p>W\u00e4hlen Sie aus unserer Auswahl erstklassiger Reisem\u00f6glichkeiten \u2013 von gro\u00dfz\u00fcgiger First Class mit pers\u00f6nlichem VIP-Assistenten bis hin zu voll ausgestatteten Privatjets \u2013 und erreichen Sie Ihr Ziel erholt, entspannt und mit Stil.<\/p>\n\t<\/div>\n<\/div>\n\n\n\n<a class=\"nectar-button medium regular accent-color  regular-button\"  role=\"button\" style=\"\"  href=\"https:\/\/noblegate.ch\/staging\/8193\/de\/contact\/\" data-color-override=\"false\" data-hover-color-override=\"false\" data-hover-text-color-override=\"#fff\"><span>Jetzt Buchen<\/span><\/a>\n\t\t<\/div> \n\t<\/div>\n\t<\/div> \n<\/div><\/div>\n\t\t\t<\/div> \n\t\t<\/div>\n\t<\/div> \n<\/div><\/div>","protected":false},"excerpt":{"rendered":"Flight &amp; Private Jet Booking Fly in Unmatched Comfort with Noble Gate \u2014 Premium Flight &amp; Private Jet Booking At Noble Gate, we turn air travel into an experience of...","protected":false},"author":5,"featured_media":0,"parent":0,"menu_order":0,"comment_status":"closed","ping_status":"closed","template":"","meta":{"nf_dc_page":"","footnotes":""},"class_list":["post-10472","page","type-page","status-publish"],"_links":{"self":[{"href":"https:\/\/noblegate.ch\/staging\/8193\/de\/wp-json\/wp\/v2\/pages\/10472","targetHints":{"allow":["GET"]}}],"collection":[{"href":"https:\/\/noblegate.ch\/staging\/8193\/de\/wp-json\/wp\/v2\/pages"}],"about":[{"href":"https:\/\/noblegate.ch\/staging\/8193\/de\/wp-json\/wp\/v2\/types\/page"}],"author":[{"embeddable":true,"href":"https:\/\/noblegate.ch\/staging\/8193\/de\/wp-json\/wp\/v2\/users\/5"}],"replies":[{"embeddable":true,"href":"https:\/\/noblegate.ch\/staging\/8193\/de\/wp-json\/wp\/v2\/comments?post=10472"}],"version-history":[{"count":5,"href":"https:\/\/noblegate.ch\/staging\/8193\/de\/wp-json\/wp\/v2\/pages\/10472\/revisions"}],"predecessor-version":[{"id":10714,"href":"https:\/\/noblegate.ch\/staging\/8193\/de\/wp-json\/wp\/v2\/pages\/10472\/revisions\/10714"}],"wp:attachment":[{"href":"https:\/\/noblegate.ch\/staging\/8193\/de\/wp-json\/wp\/v2\/media?parent=10472"}],"curies":[{"name":"wp","href":"https:\/\/api.w.org\/{rel}","templated":true}]}}