{"id":10502,"date":"2025-08-21T09:22:47","date_gmt":"2025-08-21T09:22:47","guid":{"rendered":"https:\/\/noblegate.ch\/staging\/8193\/?page_id=10502"},"modified":"2026-01-08T09:28:09","modified_gmt":"2026-01-08T09:28:09","slug":"banks-and-investments","status":"publish","type":"page","link":"https:\/\/noblegate.ch\/staging\/8193\/de\/banks-and-investments\/","title":{"rendered":"Banken und Investitionen"},"content":{"rendered":"<div id=\"fws_69ea4314a1416\"  data-column-margin=\"default\" data-midnight=\"light\" data-top-percent=\"12%\" data-bottom-percent=\"12%\"  class=\"wpb_row vc_row-fluid vc_row full-width-content vc_row-o-equal-height vc_row-flex vc_row-o-content-top parallax_section right_padding_10pct left_padding_10pct top_padding_tablet_25pct\"  style=\"padding-top: calc(100vw * 0.12); padding-bottom: calc(100vw * 0.12); \"><div class=\"row-bg-wrap\" data-bg-animation=\"zoom-out-slow\" data-bg-animation-delay=\"\" data-bg-overlay=\"true\"><div class=\"inner-wrap row-bg-layer\" ><div class=\"row-bg viewport-desktop using-bg-color\" data-parallax-speed=\"fast\" style=\"background-color: #566678; \"><\/div><\/div><div class=\"row-bg-overlay row-bg-layer\" style=\"background: rgba(10,10,10,0.4); background: linear-gradient(to bottom,rgba(10,10,10,0.4) 0%,#0a0a0a 100%);  opacity: 0.95; \"><\/div><\/div><div class=\"row_col_wrap_12 col span_12 light left\">\n\t<div  class=\"vc_col-sm-12 wpb_column column_container vc_column_container col centered-text no-extra-padding el_spacing_0px inherit_tablet inherit_phone\"  data-padding-pos=\"all\" data-has-bg-color=\"false\" data-bg-color=\"\" data-bg-opacity=\"1\" data-animation=\"\" data-delay=\"0\" >\n\t\t<div class=\"vc_column-inner\" >\n\t\t\t<div class=\"wpb_wrapper\">\n\t\t\t\t<div id=\"fws_69ea4314a1891\" data-midnight=\"\" data-column-margin=\"none\" class=\"wpb_row vc_row-fluid vc_row inner_row\"  style=\" z-index: 100;\"><div class=\"row-bg-wrap\"> <div class=\"row-bg\" ><\/div> <\/div><div class=\"row_col_wrap_12_inner col span_12  left\">\n\t<div  class=\"vc_col-sm-12 wpb_column column_container vc_column_container col child_column no-extra-padding inherit_tablet inherit_phone\"   data-padding-pos=\"all\" data-has-bg-color=\"false\" data-bg-color=\"\" data-bg-opacity=\"1\" data-animation=\"\" data-delay=\"0\" >\n\t\t<div class=\"vc_column-inner\" >\n\t\t<div class=\"wpb_wrapper\">\n\t\t\t<div class=\"col span_12 section-title text-align-center extra-padding\"><h2><span style=\"font-size: 35px\">Banken und Investitionen<\/span><\/h2><\/div><div class=\"clear\"><\/div>\n\t\t<\/div> \n\t<\/div>\n\t<\/div> \n<\/div><\/div><div id=\"fws_69ea4314a1ccb\" data-midnight=\"\" data-column-margin=\"default\" class=\"wpb_row vc_row-fluid vc_row inner_row  right_padding_2pct left_padding_2pct\"  style=\"padding-top: 1%; padding-bottom: 1%; \"><div class=\"row-bg-wrap\"> <div class=\"row-bg\" ><\/div> <\/div><div class=\"row_col_wrap_12_inner col span_12  left\">\n\t<div  class=\"vc_col-sm-12 wpb_column column_container vc_column_container col child_column has-animation no-extra-padding inherit_tablet inherit_phone\"   data-padding-pos=\"all\" data-has-bg-color=\"false\" data-bg-color=\"\" data-bg-opacity=\"1\" data-animation=\"fade-in-from-bottom\" data-delay=\"300\" >\n\t\t<div class=\"vc_column-inner\" >\n\t\t<div class=\"wpb_wrapper\">\n\t\t\t<div class=\"divider-wrap height_tablet_25px\" data-alignment=\"default\"><div style=\"padding-top: 25px; padding-bottom: 25px;\"  class=\"divider-vertical nectar-bg-white\"><\/div><\/div>\n<div class=\"wpb_text_column wpb_content_element\" >\n\t<div class=\"wpb_wrapper\">\n\t\t<p data-path-to-node=\"4\">Unsere Klienten genie\u00dfen exklusiven Zugang zum erstklassigen Finanz\u00f6kosystem der Schweiz \u00fcber ein Netzwerk aus Elite-Privatbanken und Investment-Spezialisten. Ob Sie ein Verm\u00e4chtnis bewahren oder ein globales Portfolio diversifizieren m\u00f6chten \u2013 wir stellen sicher, dass Ihr Verm\u00f6gen mit absoluter Diskretion und Schweizer Pr\u00e4zision verwaltet wird.<\/p>\n<p data-path-to-node=\"5\"><b data-path-to-node=\"5\" data-index-in-node=\"0\">Unser Financial Concierge umfasst:<\/b><\/p>\n<ul data-path-to-node=\"6\">\n<li>\n<p data-path-to-node=\"6,0,0\"><b data-path-to-node=\"6,0,0\" data-index-in-node=\"0\">Strategische Einf\u00fchrung:<\/b> Direkter Zugang zu Schweizer Tier-1 Privatbanken und exklusiven Wealth-Management-Boutiquen.<\/p>\n<\/li>\n<li>\n<p data-path-to-node=\"6,1,0\"><b data-path-to-node=\"6,1,0\" data-index-in-node=\"0\">Asset Structuring:<\/b> Kompetente Beratung f\u00fcr Family Offices, Treuhanddienstleistungen und diversifizierte Portfolios.<\/p>\n<\/li>\n<li>\n<p data-path-to-node=\"6,2,0\"><b data-path-to-node=\"6,2,0\" data-index-in-node=\"0\">Off-Market Opportunit\u00e4ten:<\/b> Exklusiver Zugang zu Private Equity, Schweizer Luxusimmobilien und seltenen Sachwerten.<\/p>\n<\/li>\n<li>\n<p data-path-to-node=\"6,3,0\"><b data-path-to-node=\"6,3,0\" data-index-in-node=\"0\">Regulatorische Begleitung:<\/b> Nahtlose Unterst\u00fctzung bei Schweizer Compliance, bankbezogenen Residenzfragen und steuerlichen Rahmenbedingungen.<\/p>\n<\/li>\n<\/ul>\n<p data-path-to-node=\"7\">Von der Sicherung Ihres Kapitals im stabilsten Refugium der Welt bis hin zur Identifizierung erstklassiger Investment-Horizonte \u2013 wir verbinden Sie mit der Expertise, die zum Schutz und Wachstum Ihres Verm\u00f6gens erforderlich ist.<\/p>\n<p data-path-to-node=\"8\">\n\t<\/div>\n<\/div>\n\n\n\n<a class=\"nectar-button medium regular accent-color  regular-button\"  role=\"button\" style=\"\"  href=\"https:\/\/noblegate.ch\/staging\/8193\/de\/contact\/\" data-color-override=\"false\" data-hover-color-override=\"false\" data-hover-text-color-override=\"#fff\"><span>Jetzt Buchen<\/span><\/a>\n\t\t<\/div> \n\t<\/div>\n\t<\/div> \n<\/div><\/div>\n\t\t\t<\/div> \n\t\t<\/div>\n\t<\/div> \n<\/div><\/div>","protected":false},"excerpt":{"rendered":"Banks and Investments Our clients gain exclusive entry to Switzerland\u2019s premier financial ecosystem through a network of elite private banks and investment specialists. Whether you are looking to preserve a...","protected":false},"author":5,"featured_media":0,"parent":0,"menu_order":0,"comment_status":"closed","ping_status":"closed","template":"","meta":{"nf_dc_page":"","footnotes":""},"class_list":["post-10502","page","type-page","status-publish"],"_links":{"self":[{"href":"https:\/\/noblegate.ch\/staging\/8193\/de\/wp-json\/wp\/v2\/pages\/10502","targetHints":{"allow":["GET"]}}],"collection":[{"href":"https:\/\/noblegate.ch\/staging\/8193\/de\/wp-json\/wp\/v2\/pages"}],"about":[{"href":"https:\/\/noblegate.ch\/staging\/8193\/de\/wp-json\/wp\/v2\/types\/page"}],"author":[{"embeddable":true,"href":"https:\/\/noblegate.ch\/staging\/8193\/de\/wp-json\/wp\/v2\/users\/5"}],"replies":[{"embeddable":true,"href":"https:\/\/noblegate.ch\/staging\/8193\/de\/wp-json\/wp\/v2\/comments?post=10502"}],"version-history":[{"count":5,"href":"https:\/\/noblegate.ch\/staging\/8193\/de\/wp-json\/wp\/v2\/pages\/10502\/revisions"}],"predecessor-version":[{"id":10832,"href":"https:\/\/noblegate.ch\/staging\/8193\/de\/wp-json\/wp\/v2\/pages\/10502\/revisions\/10832"}],"wp:attachment":[{"href":"https:\/\/noblegate.ch\/staging\/8193\/de\/wp-json\/wp\/v2\/media?parent=10502"}],"curies":[{"name":"wp","href":"https:\/\/api.w.org\/{rel}","templated":true}]}}