{"id":10507,"date":"2025-08-21T09:29:37","date_gmt":"2025-08-21T09:29:37","guid":{"rendered":"https:\/\/noblegate.ch\/staging\/8193\/?page_id=10507"},"modified":"2026-01-19T22:14:37","modified_gmt":"2026-01-19T22:14:37","slug":"legal-services","status":"publish","type":"page","link":"https:\/\/noblegate.ch\/staging\/8193\/de\/legal-services\/","title":{"rendered":"Rechtsberatung"},"content":{"rendered":"<div id=\"fws_69ea593bbfbae\"  data-column-margin=\"default\" data-midnight=\"light\" data-top-percent=\"12%\" data-bottom-percent=\"12%\"  class=\"wpb_row vc_row-fluid vc_row full-width-content vc_row-o-equal-height vc_row-flex vc_row-o-content-top parallax_section right_padding_10pct left_padding_10pct top_padding_tablet_25pct\"  style=\"padding-top: calc(100vw * 0.12); padding-bottom: calc(100vw * 0.12); \"><div class=\"row-bg-wrap\" data-bg-animation=\"zoom-out-slow\" data-bg-animation-delay=\"\" data-bg-overlay=\"true\"><div class=\"inner-wrap row-bg-layer using-image\" ><div class=\"row-bg viewport-desktop using-image using-bg-color\" data-parallax-speed=\"fast\" style=\"background-image: url(https:\/\/noblegate.ch\/staging\/8193\/wp-content\/uploads\/2025\/08\/pexels-ekaterina-bolovtsova-6077123-1-scaled.jpg); background-position: center center; background-repeat: no-repeat; background-color: #566678; \"><\/div><\/div><div class=\"row-bg-overlay row-bg-layer\" style=\"background: rgba(10,10,10,0.4); background: linear-gradient(to bottom,rgba(10,10,10,0.4) 0%,#0a0a0a 100%);  opacity: 0.95; \"><\/div><\/div><div class=\"row_col_wrap_12 col span_12 light left\">\n\t<div  class=\"vc_col-sm-12 wpb_column column_container vc_column_container col centered-text no-extra-padding el_spacing_0px inherit_tablet inherit_phone\"  data-padding-pos=\"all\" data-has-bg-color=\"false\" data-bg-color=\"\" data-bg-opacity=\"1\" data-animation=\"\" data-delay=\"0\" >\n\t\t<div class=\"vc_column-inner\" >\n\t\t\t<div class=\"wpb_wrapper\">\n\t\t\t\t<div id=\"fws_69ea593bc03b8\" data-midnight=\"\" data-column-margin=\"none\" class=\"wpb_row vc_row-fluid vc_row inner_row\"  style=\" z-index: 100;\"><div class=\"row-bg-wrap\"> <div class=\"row-bg\" ><\/div> <\/div><div class=\"row_col_wrap_12_inner col span_12  left\">\n\t<div  class=\"vc_col-sm-12 wpb_column column_container vc_column_container col child_column no-extra-padding inherit_tablet inherit_phone\"   data-padding-pos=\"all\" data-has-bg-color=\"false\" data-bg-color=\"\" data-bg-opacity=\"1\" data-animation=\"\" data-delay=\"0\" >\n\t\t<div class=\"vc_column-inner\" >\n\t\t<div class=\"wpb_wrapper\">\n\t\t\t<div class=\"col span_12 section-title text-align-center extra-padding\"><h2><span style=\"font-size: 35px\">Rechtsberatung<\/span><\/h2><\/div><div class=\"clear\"><\/div>\n\t\t<\/div> \n\t<\/div>\n\t<\/div> \n<\/div><\/div><div id=\"fws_69ea593bc0aea\" data-midnight=\"\" data-column-margin=\"default\" class=\"wpb_row vc_row-fluid vc_row inner_row  right_padding_2pct left_padding_2pct\"  style=\"padding-top: 1%; padding-bottom: 1%; \"><div class=\"row-bg-wrap\"> <div class=\"row-bg\" ><\/div> <\/div><div class=\"row_col_wrap_12_inner col span_12  left\">\n\t<div  class=\"vc_col-sm-12 wpb_column column_container vc_column_container col child_column has-animation no-extra-padding inherit_tablet inherit_phone\"   data-padding-pos=\"all\" data-has-bg-color=\"false\" data-bg-color=\"\" data-bg-opacity=\"1\" data-animation=\"fade-in-from-bottom\" data-delay=\"300\" >\n\t\t<div class=\"vc_column-inner\" >\n\t\t<div class=\"wpb_wrapper\">\n\t\t\t<div class=\"divider-wrap height_tablet_25px\" data-alignment=\"default\"><div style=\"padding-top: 25px; padding-bottom: 25px;\"  class=\"divider-vertical nectar-bg-white\"><\/div><\/div>\n<div class=\"wpb_text_column wpb_content_element\" >\n\t<div class=\"wpb_wrapper\">\n\t\t<p data-start=\"170\" data-end=\"477\">Our clients benefit from comprehensive legal assistance delivered by a network of experienced and trusted legal professionals across Switzerland. Whether you&#8217;re navigating personal, corporate or international matters, we ensure tailored support with the highest standards of discretion and professionalism.<\/p>\n<p data-start=\"479\" data-end=\"508\">Unsere juristischen Dienstleistungen umfassen:<\/p>\n<ul data-start=\"509\" data-end=\"712\">\n<li data-start=\"509\" data-end=\"550\">\n<p data-start=\"511\" data-end=\"550\">Fachberatung und Rechtsberatung.<\/p>\n<\/li>\n<li data-start=\"551\" data-end=\"602\">\n<p data-start=\"553\" data-end=\"602\">Ausarbeitung und \u00dcberpr\u00fcfung von Vertr\u00e4gen und Vereinbarungen.<\/p>\n<\/li>\n<li data-start=\"603\" data-end=\"647\">\n<p data-start=\"605\" data-end=\"647\">Authentifizierung und notarielle Beglaubigung von Dokumenten.<\/p>\n<\/li>\n<li data-start=\"648\" data-end=\"712\">\n<p data-start=\"650\" data-end=\"712\">Leitfaden zu den rechtlichen Rahmenbedingungen und zur Einhaltung der Vorschriften in der Schweiz.<\/p>\n<\/li>\n<\/ul>\n<p data-start=\"714\" data-end=\"884\">Von Immobiliengesch\u00e4ften \u00fcber Aufenthaltsangelegenheiten bis hin zur Unternehmensstrukturierung \u2013 wir bringen Sie mit den richtigen Rechtsexperten zusammen, um Ihre Interessen zu sch\u00fctzen und Ihnen Sicherheit zu geben.<\/p>\n\t<\/div>\n<\/div>\n\n\n\n<a class=\"nectar-button medium regular accent-color  regular-button\"  role=\"button\" style=\"\"  href=\"https:\/\/noblegate.ch\/staging\/8193\/de\/contact\/\" data-color-override=\"false\" data-hover-color-override=\"false\" data-hover-text-color-override=\"#fff\"><span>Jetzt Buchen<\/span><\/a>\n\t\t<\/div> \n\t<\/div>\n\t<\/div> \n<\/div><\/div>\n\t\t\t<\/div> \n\t\t<\/div>\n\t<\/div> \n<\/div><\/div>","protected":false},"excerpt":{"rendered":"Legal Services Our clients benefit from comprehensive legal assistance delivered by a network of experienced and trusted legal professionals across Switzerland. Whether you're navigating personal, corporate or international matters, we...","protected":false},"author":5,"featured_media":0,"parent":0,"menu_order":0,"comment_status":"closed","ping_status":"closed","template":"","meta":{"nf_dc_page":"","footnotes":""},"class_list":["post-10507","page","type-page","status-publish"],"_links":{"self":[{"href":"https:\/\/noblegate.ch\/staging\/8193\/de\/wp-json\/wp\/v2\/pages\/10507","targetHints":{"allow":["GET"]}}],"collection":[{"href":"https:\/\/noblegate.ch\/staging\/8193\/de\/wp-json\/wp\/v2\/pages"}],"about":[{"href":"https:\/\/noblegate.ch\/staging\/8193\/de\/wp-json\/wp\/v2\/types\/page"}],"author":[{"embeddable":true,"href":"https:\/\/noblegate.ch\/staging\/8193\/de\/wp-json\/wp\/v2\/users\/5"}],"replies":[{"embeddable":true,"href":"https:\/\/noblegate.ch\/staging\/8193\/de\/wp-json\/wp\/v2\/comments?post=10507"}],"version-history":[{"count":5,"href":"https:\/\/noblegate.ch\/staging\/8193\/de\/wp-json\/wp\/v2\/pages\/10507\/revisions"}],"predecessor-version":[{"id":10860,"href":"https:\/\/noblegate.ch\/staging\/8193\/de\/wp-json\/wp\/v2\/pages\/10507\/revisions\/10860"}],"wp:attachment":[{"href":"https:\/\/noblegate.ch\/staging\/8193\/de\/wp-json\/wp\/v2\/media?parent=10507"}],"curies":[{"name":"wp","href":"https:\/\/api.w.org\/{rel}","templated":true}]}}