{"id":10866,"date":"2026-01-19T22:59:45","date_gmt":"2026-01-19T22:59:45","guid":{"rendered":"https:\/\/noblegate.ch\/staging\/8193\/?page_id=10866"},"modified":"2026-02-02T22:21:19","modified_gmt":"2026-02-02T22:21:19","slug":"st-beatus-swiss-cave","status":"publish","type":"page","link":"https:\/\/noblegate.ch\/staging\/8193\/de\/st-beatus-swiss-cave\/","title":{"rendered":"ST BEATUS SWISS CAVE"},"content":{"rendered":"<div id=\"fws_69ea5982bcb15\"  data-column-margin=\"default\" data-midnight=\"dark\" data-top-percent=\"14%\"  class=\"wpb_row vc_row-fluid vc_row full-width-section  zindex-set\"  style=\"padding-top: calc(100vw * 0.14); padding-bottom: 0px;  z-index: 100;\"><div class=\"row-bg-wrap\" data-bg-animation=\"none\" data-bg-animation-delay=\"\" data-bg-overlay=\"false\"><div class=\"inner-wrap row-bg-layer\" ><div class=\"row-bg viewport-desktop using-bg-color\"  style=\"background-color: #efe9e9; \"><\/div><\/div><\/div><div class=\"row_col_wrap_12 col span_12 dark left\">\n\t<div  class=\"vc_col-sm-12 wpb_column column_container vc_column_container col no-extra-padding inherit_tablet inherit_phone\"  data-padding-pos=\"all\" data-has-bg-color=\"false\" data-bg-color=\"\" data-bg-opacity=\"1\" data-animation=\"\" data-delay=\"0\" >\n\t\t<div class=\"vc_column-inner\" >\n\t\t\t<div class=\"wpb_wrapper\">\n\t\t\t\t<div id=\"fws_69ea5982bd15d\" data-midnight=\"\" data-column-margin=\"default\" class=\"wpb_row vc_row-fluid vc_row inner_row\"  style=\"padding-bottom: 4%; \"><div class=\"row-bg-wrap\"> <div class=\"row-bg\" ><\/div> <\/div><div class=\"row_col_wrap_12_inner col span_12  left\">\n\t<div style=\" color: #ffffff;\" class=\"vc_col-sm-12 wpb_column column_container vc_column_container col child_column centered-text no-extra-padding inherit_tablet inherit_phone\" data-cfc=\"true\"  data-padding-pos=\"all\" data-has-bg-color=\"false\" data-bg-color=\"\" data-bg-opacity=\"1\" data-animation=\"\" data-delay=\"0\" >\n\t\t<div class=\"vc_column-inner\" >\n\t\t<div class=\"wpb_wrapper\">\n\t\t\t<div class=\"nectar-responsive-text nectar-link-underline-effect\" style=\"color: #0a0a0a;\"><h1>ST BEATUS SWISS CAVE<\/h1>\n<\/div>\n\t\t<\/div> \n\t<\/div>\n\t<\/div> \n<\/div><\/div>\n\t\t\t<\/div> \n\t\t<\/div>\n\t<\/div> \n<\/div><\/div>\n\t\t<div id=\"fws_69ea5982bd9ba\"  data-column-margin=\"default\" data-midnight=\"dark\" data-top-percent=\"6%\" data-bottom-percent=\"6%\"  class=\"wpb_row vc_row-fluid vc_row full-width-content vc_row-o-equal-height vc_row-flex vc_row-o-content-middle  right_padding_tablet_8pct left_padding_tablet_8pct\"  style=\"padding-top: calc(100vw * 0.06); padding-bottom: calc(100vw * 0.06); \"><div class=\"row-bg-wrap\" data-bg-animation=\"none\" data-bg-animation-delay=\"\" data-bg-overlay=\"false\"><div class=\"inner-wrap row-bg-layer\" ><div class=\"row-bg viewport-desktop\"  style=\"\"><\/div><\/div><\/div><div class=\"row_col_wrap_12 col span_12 dark left\">\n\t<div  class=\"vc_col-sm-6 wpb_column column_container vc_column_container col no-extra-padding el_spacing_0px inherit_tablet inherit_phone\"  data-padding-pos=\"all\" data-has-bg-color=\"false\" data-bg-color=\"\" data-bg-opacity=\"1\" data-animation=\"\" data-delay=\"0\" >\n\t\t<div class=\"vc_column-inner\" >\n\t\t\t<div class=\"wpb_wrapper\">\n\t\t\t\t<div id=\"fws_69ea5982bdde3\" data-midnight=\"\" data-column-margin=\"default\" class=\"wpb_row vc_row-fluid vc_row inner_row  right_padding_20pct right_padding_tablet_10pct\"  style=\"\"><div class=\"row-bg-wrap\"> <div class=\"row-bg\" ><\/div> <\/div><div class=\"row_col_wrap_12_inner col span_12  left\">\n\t<div style=\"\" class=\"vc_col-sm-12 wpb_column column_container vc_column_container col child_column no-extra-padding inherit_tablet inherit_phone\"  data-using-bg=\"true\" data-bg-cover=\"true\" data-padding-pos=\"all\" data-has-bg-color=\"false\" data-bg-color=\"\" data-bg-opacity=\"1\" data-animation=\"\" data-delay=\"0\" >\n\t\t<div class=\"vc_column-inner\" ><div class=\"column-image-bg-wrap column-bg-layer viewport-desktop\" data-n-parallax-bg=\"true\" data-parallax-speed=\"very_subtle\" data-bg-pos=\"center center\" data-bg-animation=\"none\" data-bg-overlay=\"false\"><div class=\"inner-wrap\"><div class=\"column-image-bg parallax-layer\" style=\" background-image: url('https:\/\/noblegate.ch\/staging\/8193\/wp-content\/uploads\/2026\/02\/Adventures-In-Interlaken_-Things-To-Do-For-An-Epic-Trip.jpeg'); \"><\/div><\/div><\/div>\n\t\t<div class=\"wpb_wrapper\">\n\t\t\t<div class=\"divider-wrap height_tablet_70vh height_phone_60vh\" data-alignment=\"default\"><div style=\"height: 90vh;\" class=\"divider\"><\/div><\/div>\n\t\t<\/div> \n\t<\/div>\n\t<\/div> \n<\/div><\/div><div id=\"fws_69ea5982be557\" data-midnight=\"\" data-column-margin=\"default\" class=\"wpb_row vc_row-fluid vc_row inner_row  min_width_desktop_40pct row_position_absolute top_position_desktop_50pct right_position_desktop_0px translate_y_-50pct\"  style=\" z-index: 50;\"><div class=\"row-bg-wrap\"> <div class=\"row-bg\" ><\/div> <\/div><div class=\"row_col_wrap_12_inner col span_12  left\">\n\t<div style=\"\" class=\"vc_col-sm-12 wpb_column column_container vc_column_container col child_column no-extra-padding inherit_tablet inherit_phone\"  data-using-bg=\"true\" data-shadow=\"x_large_depth\" data-bg-cover=\"true\" data-padding-pos=\"all\" data-has-bg-color=\"false\" data-bg-color=\"\" data-bg-opacity=\"1\" data-animation=\"\" data-delay=\"0\" data-scroll-animation=\"true\" data-scroll-animation-movement=\"default\" data-scroll-animation-mobile=\"true\" data-scroll-animation-intensity=\"2.25\" >\n\t\t<div class=\"vc_column-inner\" ><div class=\"column-image-bg-wrap column-bg-layer viewport-desktop\" data-n-parallax-bg=\"true\" data-parallax-speed=\"very_subtle\" data-bg-pos=\"center center\" data-bg-animation=\"none\" data-bg-overlay=\"false\"><div class=\"inner-wrap\"><div class=\"column-image-bg parallax-layer\" style=\" background-image: url('https:\/\/noblegate.ch\/staging\/8193\/wp-content\/uploads\/2026\/02\/Lucerne-Switzerland.jpeg'); \"><\/div><\/div><\/div><div class=\"column-bg-overlay-wrap column-bg-layer\" data-bg-animation=\"none\"><div class=\"column-bg-overlay\"><\/div><\/div>\n\t\t<div class=\"wpb_wrapper\">\n\t\t\t<div class=\"divider-wrap height_tablet_40vh height_phone_35vh\" data-alignment=\"default\"><div style=\"height: 50vh;\" class=\"divider\"><\/div><\/div>\n\t\t<\/div> \n\t<\/div>\n\t<\/div> \n<\/div><\/div>\n\t\t\t<\/div> \n\t\t<\/div>\n\t<\/div> \n\n\t<div  class=\"vc_col-sm-6 wpb_column column_container vc_column_container col padding-8-percent no-extra-padding_tablet no-extra-padding_phone\"  data-padding-pos=\"all\" data-has-bg-color=\"false\" data-bg-color=\"\" data-bg-opacity=\"1\" data-animation=\"\" data-delay=\"0\" >\n\t\t<div class=\"vc_column-inner\" >\n\t\t\t<div class=\"wpb_wrapper\">\n\t\t\t\t<div class=\"nectar-split-heading  font_size_3vw\" data-align=\"default\" data-m-align=\"inherit\" data-text-effect=\"default\" data-animation-type=\"line-reveal-by-space\" data-animation-delay=\"0\" data-animation-offset=\"\" data-m-rm-animation=\"\" data-stagger=\"true\" data-custom-font-size=\"true\" style=\"font-size: 3vw; line-height: 3.3vw;\"><h2 style=\" color: #dcaf42;\">St. Beatus Caves<\/h2><\/div><div id=\"fws_69ea5982bee89\" data-midnight=\"\" data-column-margin=\"none\" class=\"wpb_row vc_row-fluid vc_row inner_row\"  style=\"\"><div class=\"row-bg-wrap\"> <div class=\"row-bg\" ><\/div> <\/div><div class=\"row_col_wrap_12_inner col span_12  left\">\n\t<div  class=\"vc_col-sm-12 wpb_column column_container vc_column_container col child_column has-animation no-extra-padding inherit_tablet inherit_phone\"   data-padding-pos=\"all\" data-has-bg-color=\"false\" data-bg-color=\"\" data-bg-opacity=\"1\" data-animation=\"fade-in-from-bottom\" data-delay=\"0\" >\n\t\t<div class=\"vc_column-inner\" >\n\t\t<div class=\"wpb_wrapper\">\n\t\t\t<div class=\"nectar-split-heading  font_size_1-1vw font_size_tablet_18px font_size_phone_16px font_line_height_1-7\" data-align=\"default\" data-m-align=\"inherit\" data-text-effect=\"none\" data-animation-type=\"line-reveal-by-space\" data-animation-delay=\"0\" data-animation-offset=\"\" data-m-rm-animation=\"\" data-stagger=\"\" data-custom-font-size=\"true\" style=\"font-size: 1.1vw; line-height: 1.21vw;\"><p >Erleben Sie in der St. Beatus H\u00f6hlen-Erlebniswelt magische H\u00f6hlenmomente im Herzen des Niederhornmassivs.<\/p>\n<p>Wonderland of the St. Beatus Caves<br \/>\nDie St. Beatus-H\u00f6hlen geh\u00f6ren zu den 10 gr\u00f6ssten H\u00f6hlen der Schweiz und sind \u00f6ffentlich zug\u00e4nglich sind. Das weitverzweigte H\u00f6hlensystem wurde bisher auf 14 Kilometern erforscht, davon ist ein Kilometer f\u00fcr Besuchende gesichert. Der Rundgang f\u00fchrt \u00fcber eine H\u00f6hendifferenz von rund 90 Metern und 300 Stufen entlang an Grotten, Hallen und Schluchten sowie an Bachl\u00e4ufen, Wasserf\u00e4llen und gewaltigen Tropfsteinformationen.<\/p>\n<p>Aussergew\u00f6hnliche Erlebnisse im Herzen des Niederhornmassivs<br \/>\nDie magische Ausstrahlung der einmaligen Naturwelt tief im Berg wird durch ein durchdachtes Beleuchtungssystem in Szene gesetzt. Bemerkenswert ist zudem die Energie in den St. Beatus-H\u00f6hlen: In Untersuchungen wurden bis zu 16'000 Bovis-Einheiten festgestellt, eine wissenschaftlich belegte Messeinheit von Lebensenergie.<\/p>\n<p>Rund 60 Minuten dauert der Spaziergang auf dem gut ausgeleuchteten Pfad.<\/p><\/div>\n\t\t<\/div> \n\t<\/div>\n\t<\/div> \n<\/div><\/div>\n\t\t\t<\/div> \n\t\t<\/div>\n\t<\/div> \n<\/div><\/div>\n\t\t<div id=\"fws_69ea5982bf558\"  data-column-margin=\"default\" data-midnight=\"dark\" data-top-percent=\"2%\" data-bottom-percent=\"2%\"  class=\"wpb_row vc_row-fluid vc_row  top_margin_2pct right_margin_2pct bottom_margin_2pct left_margin_2pct right_padding_2pct left_padding_2pct\"  style=\"padding-top: calc(100vw * 0.02); padding-bottom: calc(100vw * 0.02); \"><div class=\"row-bg-wrap\" data-bg-animation=\"none\" data-bg-animation-delay=\"\" data-bg-overlay=\"false\"><div class=\"inner-wrap row-bg-layer\" ><div class=\"row-bg viewport-desktop\"  style=\"\"><\/div><\/div><\/div><div class=\"row_col_wrap_12 col span_12 dark left\">\n\t<div  class=\"vc_col-sm-12 wpb_column column_container vc_column_container col no-extra-padding inherit_tablet inherit_phone\"  data-padding-pos=\"all\" data-has-bg-color=\"false\" data-bg-color=\"\" data-bg-opacity=\"1\" data-animation=\"\" data-delay=\"0\" >\n\t\t<div class=\"vc_column-inner\" >\n\t\t\t<div class=\"wpb_wrapper\">\n\t\t\t\t<div class=\"forminator-ui forminator-custom-form forminator-custom-form-10863 forminator-design--default forminator-custom forminator_ajax\" data-forminator-render=\"0\" data-form=\"forminator-module-10863\" data-uid=\"69ea5982bf7fd\"><br\/><\/div><form\n\t\t\t\tid=\"forminator-module-10863\"\n\t\t\t\tclass=\"forminator-ui forminator-custom-form forminator-custom-form-10863 forminator-design--default forminator-custom forminator_ajax\"\n\t\t\t\tmethod=\"post\"\n\t\t\t\tdata-forminator-render=\"0\"\n\t\t\t\tdata-form-id=\"10863\"\n\t\t\t\t data-color-option=\"default\" data-design=\"default\" data-grid=\"custom\" style=\"display: none;\"\n\t\t\t\tdata-uid=\"69ea5982bf7fd\" action=\"\"\n\t\t\t><div role=\"alert\" aria-live=\"polite\" class=\"forminator-response-message forminator-error\" aria-hidden=\"true\"><\/div><div class=\"forminator-row\"><div id=\"name-1\" class=\"forminator-field-name forminator-col forminator-col-12\"><div class=\"forminator-field\"><label for=\"forminator-field-name-1_69ea5982bf7fd\" id=\"forminator-field-name-1_69ea5982bf7fd-label\" class=\"forminator-label\">Name <span class=\"forminator-required\">*<\/span><\/label><input type=\"text\" name=\"name-1\" value=\"\" placeholder=\"E.g. John Doe\" id=\"forminator-field-name-1_69ea5982bf7fd\" class=\"forminator-input forminator-name--field\" aria-required=\"true\" autocomplete=\"name\" \/><\/div><\/div><\/div><div class=\"forminator-row\"><div id=\"email-1\" class=\"forminator-field-email forminator-col forminator-col-6\"><div class=\"forminator-field\"><label for=\"forminator-field-email-1_69ea5982bf7fd\" id=\"forminator-field-email-1_69ea5982bf7fd-label\" class=\"forminator-label\">E-Mail Adresse <span class=\"forminator-required\">*<\/span><\/label><input type=\"email\" name=\"email-1\" value=\"\" placeholder=\"E.g. john@doe.com\" id=\"forminator-field-email-1_69ea5982bf7fd\" class=\"forminator-input forminator-email--field\" data-required=\"1\" aria-required=\"true\" autocomplete=\"email\" \/><\/div><\/div><div id=\"phone-1\" class=\"forminator-field-phone forminator-col forminator-col-6\"><div class=\"forminator-field\"><label for=\"forminator-field-phone-1_69ea5982bf7fd\" id=\"forminator-field-phone-1_69ea5982bf7fd-label\" class=\"forminator-label\">Telefonnummer <span class=\"forminator-required\">*<\/span><\/label><input type=\"text\" name=\"phone-1\" value=\"\" placeholder=\"E.g. +1 300 400 5000\" id=\"forminator-field-phone-1_69ea5982bf7fd\" class=\"forminator-input forminator-field--phone\" data-required=\"1\" aria-required=\"true\" autocomplete=\"off\" \/><\/div><\/div><\/div><div class=\"forminator-row\"><div id=\"section-2\" class=\"forminator-field-section forminator-col forminator-col-12\"><div class=\"forminator-field\"><h2 class=\"forminator-title\">Travel Preferences<\/h2><\/div><\/div><\/div><div class=\"forminator-row\"><div id=\"select-5\" class=\"forminator-field-select forminator-col forminator-col-12\"><div class=\"forminator-field\"><label for=\"forminator-form-10863__field--select-5_69ea5982bf7fd\" id=\"forminator-form-10863__field--select-5_69ea5982bf7fd-label\" class=\"forminator-label\">Destination<\/label><select  id=\"forminator-form-10863__field--select-5_69ea5982bf7fd\" class=\"forminator-select--field forminator-select2 forminator-select2-multiple\" data-required=\"\" name=\"select-5\" data-default-value=\"\" data-hidden-behavior=\"zero\" data-placeholder=\"\" data-search=\"false\" data-search-placeholder=\"\" data-checkbox=\"false\" data-allow-clear=\"false\" aria-labelledby=\"forminator-form-10863__field--select-5_69ea5982bf7fd-label\"><option value=\"HARDER KULM - TOP OF INTERLAKEN\"  data-calculation=\"0\">HARDER KULM - TOP OF INTERLAKEN<\/option><option value=\"ST. BEATUS SWISS CAVE\"  data-calculation=\"0\">ST. BEATUS SWISS CAVE<\/option><\/select><\/div><\/div><\/div><div class=\"forminator-row\"><div id=\"date-1\" class=\"forminator-field-date forminator-col forminator-col-6\"><div class=\"forminator-field\"><label for=\"forminator-field-date-1-picker_69ea5982bf7fd\" id=\"forminator-field-date-1-picker_69ea5982bf7fd-label\" class=\"forminator-label\">Start date<\/label><div class=\"forminator-input-with-icon\"><span class=\"forminator-icon-calendar\" aria-hidden=\"true\"><\/span><input autocomplete=\"off\" type=\"text\" size=\"1\" name=\"date-1\" value=\"\" placeholder=\"Choose Date\" id=\"forminator-field-date-1-picker_69ea5982bf7fd\" class=\"forminator-input forminator-datepicker\" data-required=\"\" data-format=\"mm\/dd\/yy\" data-restrict-type=\"\" data-restrict=\"\" data-start-year=\"1926\" data-end-year=\"2126\" data-past-dates=\"enable\" data-start-of-week=\"1\" data-start-date=\"\" data-end-date=\"\" data-start-field=\"\" data-end-field=\"\" data-start-offset=\"\" data-end-offset=\"\" data-disable-date=\"\" data-disable-range=\"\" \/><\/div><\/div><\/div><div id=\"date-2\" class=\"forminator-field-date forminator-col forminator-col-6\"><div class=\"forminator-field\"><label for=\"forminator-field-date-2-picker_69ea5982bf7fd\" id=\"forminator-field-date-2-picker_69ea5982bf7fd-label\" class=\"forminator-label\">End date<\/label><div class=\"forminator-input-with-icon\"><span class=\"forminator-icon-calendar\" aria-hidden=\"true\"><\/span><input autocomplete=\"off\" type=\"text\" size=\"1\" name=\"date-2\" value=\"\" placeholder=\"Choose Date\" id=\"forminator-field-date-2-picker_69ea5982bf7fd\" class=\"forminator-input forminator-datepicker\" data-required=\"\" data-format=\"mm\/dd\/yy\" data-restrict-type=\"\" data-restrict=\"\" data-start-year=\"1926\" data-end-year=\"2126\" data-past-dates=\"enable\" data-start-of-week=\"1\" data-start-date=\"\" data-end-date=\"\" data-start-field=\"\" data-end-field=\"\" data-start-offset=\"\" data-end-offset=\"\" data-disable-date=\"\" data-disable-range=\"\" \/><\/div><\/div><\/div><\/div><div class=\"forminator-row\"><div id=\"group-1\" class=\"forminator-field-group forminator-col forminator-col-12\"><label class=\"forminator-label forminator-repeater-label\">Travelers<\/label><div class=\"forminator-all-group-copies\"><div class=\"forminator-grouped-fields\" data-options=\"{&quot;is_repeater&quot;:false,&quot;min_type&quot;:&quot;custom&quot;,&quot;max_type&quot;:&quot;custom&quot;,&quot;min&quot;:1,&quot;max&quot;:9223372036854775807,&quot;add_text&quot;:&quot;Element hinzuf\\u00fcgen&quot;,&quot;remove_text&quot;:&quot;Element entfernen&quot;,&quot;action_element_type&quot;:&quot;button&quot;}\"><div class=\"forminator-row\"><div id=\"select-3\" class=\"forminator-field-select forminator-col forminator-col-6\"><div class=\"forminator-field\"><label for=\"forminator-form-10863__field--select-3_69ea5982bf7fd\" id=\"forminator-form-10863__field--select-3_69ea5982bf7fd-label\" class=\"forminator-label\">Adults<\/label><select  id=\"forminator-form-10863__field--select-3_69ea5982bf7fd\" class=\"forminator-select--field forminator-select2 forminator-select2-multiple\" data-required=\"\" name=\"select-3\" data-default-value=\"\" data-hidden-behavior=\"zero\" data-placeholder=\"\" data-search=\"false\" data-search-placeholder=\"\" data-checkbox=\"false\" data-allow-clear=\"false\" aria-labelledby=\"forminator-form-10863__field--select-3_69ea5982bf7fd-label\"><option value=\"1\"  data-calculation=\"0\">1<\/option><option value=\"2\"  data-calculation=\"0\">2<\/option><option value=\"3\"  data-calculation=\"0\">3<\/option><option value=\"4\"  data-calculation=\"0\">4<\/option><option value=\"5\"  data-calculation=\"0\">5<\/option><option value=\"6\"  data-calculation=\"0\">6<\/option><option value=\"7\"  data-calculation=\"0\">7<\/option><option value=\"8\"  data-calculation=\"0\">8<\/option><option value=\"9\"  data-calculation=\"0\">9<\/option><option value=\"10\"  data-calculation=\"0\">10<\/option><\/select><\/div><\/div><div id=\"select-2\" class=\"forminator-field-select forminator-col forminator-col-6\"><div class=\"forminator-field\"><label for=\"forminator-form-10863__field--select-2_69ea5982bf7fd\" id=\"forminator-form-10863__field--select-2_69ea5982bf7fd-label\" class=\"forminator-label\">Children ( 2 years + )<\/label><select  id=\"forminator-form-10863__field--select-2_69ea5982bf7fd\" class=\"forminator-select--field forminator-select2 forminator-select2-multiple\" data-required=\"\" name=\"select-2\" data-default-value=\"\" data-hidden-behavior=\"zero\" data-placeholder=\"\" data-search=\"false\" data-search-placeholder=\"\" data-checkbox=\"false\" data-allow-clear=\"false\" aria-labelledby=\"forminator-form-10863__field--select-2_69ea5982bf7fd-label\"><option value=\"1\"  data-calculation=\"0\">1<\/option><option value=\"2\"  data-calculation=\"0\">2<\/option><option value=\"3\"  data-calculation=\"0\">3<\/option><option value=\"4\"  data-calculation=\"0\">4<\/option><option value=\"5\"  data-calculation=\"0\">5<\/option><option value=\"6\"  data-calculation=\"0\">6<\/option><option value=\"7\"  data-calculation=\"0\">7<\/option><option value=\"8\"  data-calculation=\"0\">8<\/option><option value=\"9\"  data-calculation=\"0\">9<\/option><option value=\"10\"  data-calculation=\"0\">10<\/option><\/select><\/div><\/div><\/div><\/div><\/div><\/div><\/div><div class=\"forminator-row\"><div id=\"textarea-2\" class=\"forminator-field-textarea forminator-col forminator-col-12\"><div class=\"forminator-field\"><label for=\"forminator-field-textarea-2_69ea5982bf7fd\" id=\"forminator-field-textarea-2_69ea5982bf7fd-label\" class=\"forminator-label\">Additional Preferences<\/label><textarea name=\"textarea-2\" placeholder=\"E.g. text placeholderYou can add new line\" id=\"forminator-field-textarea-2_69ea5982bf7fd\" class=\"forminator-textarea\" rows=\"6\" style=\"--forminator-textarea-min-height:140px;\" ><\/textarea><\/div><\/div><\/div><div class=\"forminator-row\"><div id=\"consent-1\" class=\"forminator-field-consent forminator-col forminator-col-12\"><div class=\"forminator-field\"><label for=\"forminator-field-consent-1_69ea5982bf7fd\" id=\"forminator-field-consent-1_69ea5982bf7fd-label\" class=\"forminator-label\">Consent <span class=\"forminator-required\">*<\/span><\/label><div class=\"forminator-checkbox__wrapper\"><label id=\"forminator-field-consent-1_69ea5982bf7fd__label\" class=\"forminator-checkbox forminator-consent\"><input type=\"checkbox\" name=\"consent-1\" id=\"forminator-field-consent-1_69ea5982bf7fd\" value=\"checked\" aria-labelledby=\"forminator-field-consent-1_69ea5982bf7fd-label\" aria-describedby=\"forminator-field-consent-1_69ea5982bf7fd__description\" data-required=\"true\" aria-required=\"true\" \/><span class=\"forminator-checkbox-box\" aria-hidden=\"true\"><\/span><\/label><div id=\"forminator-field-consent-1_69ea5982bf7fd__description\" class=\"forminator-checkbox__label forminator-consent__label\">Agree to the terms and conditions of the travel booking.<\/div><\/div><\/div><\/div><\/div><input type=\"hidden\" name=\"referer_url\" value=\"\" \/><div class=\"forminator-row forminator-row-last\"><div class=\"forminator-col\"><div class=\"forminator-field\"><button class=\"forminator-button forminator-button-submit\">Confirm Booking<\/button><\/div><\/div><\/div><input type=\"hidden\" id=\"forminator_nonce\" name=\"forminator_nonce\" value=\"f9a29981a9\" \/><input type=\"hidden\" name=\"_wp_http_referer\" value=\"\/staging\/8193\/de\/wp-json\/wp\/v2\/pages\/10866\" \/><input type=\"hidden\" name=\"form_id\" value=\"10863\"><input type=\"hidden\" name=\"page_id\" value=\"10866\"><input type=\"hidden\" name=\"form_type\" value=\"default\"><input type=\"hidden\" name=\"current_url\" value=\"https:\/\/noblegate.ch\/staging\/8193\/de\/st-beatus-swiss-cave\/\"><input type=\"hidden\" name=\"render_id\" value=\"0\"><input type=\"hidden\" name=\"action\" value=\"forminator_submit_form_custom-forms\"><input type=\"hidden\" name=\"trp-form-language\" value=\"de\"\/><\/form>\n\t\t\t<\/div> \n\t\t<\/div>\n\t<\/div> \n<\/div><\/div>","protected":false},"excerpt":{"rendered":"ST BEATUS SWISS CAVE St. Beatus Caves Experience magical cave moments in the heart of the Niederhorn Massif at the St. Beatus Cave Adventure World. Wonderland of the St. Beatus...","protected":false},"author":2,"featured_media":0,"parent":0,"menu_order":0,"comment_status":"closed","ping_status":"closed","template":"","meta":{"nf_dc_page":"","footnotes":""},"class_list":["post-10866","page","type-page","status-publish"],"_links":{"self":[{"href":"https:\/\/noblegate.ch\/staging\/8193\/de\/wp-json\/wp\/v2\/pages\/10866","targetHints":{"allow":["GET"]}}],"collection":[{"href":"https:\/\/noblegate.ch\/staging\/8193\/de\/wp-json\/wp\/v2\/pages"}],"about":[{"href":"https:\/\/noblegate.ch\/staging\/8193\/de\/wp-json\/wp\/v2\/types\/page"}],"author":[{"embeddable":true,"href":"https:\/\/noblegate.ch\/staging\/8193\/de\/wp-json\/wp\/v2\/users\/2"}],"replies":[{"embeddable":true,"href":"https:\/\/noblegate.ch\/staging\/8193\/de\/wp-json\/wp\/v2\/comments?post=10866"}],"version-history":[{"count":4,"href":"https:\/\/noblegate.ch\/staging\/8193\/de\/wp-json\/wp\/v2\/pages\/10866\/revisions"}],"predecessor-version":[{"id":10892,"href":"https:\/\/noblegate.ch\/staging\/8193\/de\/wp-json\/wp\/v2\/pages\/10866\/revisions\/10892"}],"wp:attachment":[{"href":"https:\/\/noblegate.ch\/staging\/8193\/de\/wp-json\/wp\/v2\/media?parent=10866"}],"curies":[{"name":"wp","href":"https:\/\/api.w.org\/{rel}","templated":true}]}}